{"id":31248,"date":"2025-06-18T10:25:27","date_gmt":"2025-06-18T10:25:27","guid":{"rendered":"https:\/\/pharmapuglia-plants.it\/?page_id=31248"},"modified":"2025-06-18T10:42:39","modified_gmt":"2025-06-18T10:42:39","slug":"acquisti-sostenibili","status":"publish","type":"page","link":"https:\/\/pharmapuglia-plants.it\/?page_id=31248","title":{"rendered":"Acquisti Sostenibili"},"content":{"rendered":"\t\t<div data-elementor-type=\"wp-page\" data-elementor-id=\"31248\" class=\"elementor elementor-31248\">\n\t\t\t\t\t\t\t<div class=\"elementor-element elementor-element-1b75388 e-flex e-con-boxed e-con e-parent\" data-id=\"1b75388\" data-element_type=\"container\" data-settings=\"{&quot;content_width&quot;:&quot;boxed&quot;}\" data-core-v316-plus=\"true\">\n\t\t\t\t\t<div class=\"e-con-inner\">\n\t\t\t\t<div class=\"elementor-element elementor-element-dcaa044 elementor-widget elementor-widget-text-editor\" data-id=\"dcaa044\" data-element_type=\"widget\" data-widget_type=\"text-editor.default\">\n\t\t\t\t<div class=\"elementor-widget-container\">\n\t\t\t<style>\/*! elementor - v3.17.0 - 25-10-2023 *\/\n.elementor-widget-text-editor.elementor-drop-cap-view-stacked .elementor-drop-cap{background-color:#69727d;color:#fff}.elementor-widget-text-editor.elementor-drop-cap-view-framed .elementor-drop-cap{color:#69727d;border:3px solid;background-color:transparent}.elementor-widget-text-editor:not(.elementor-drop-cap-view-default) .elementor-drop-cap{margin-top:8px}.elementor-widget-text-editor:not(.elementor-drop-cap-view-default) .elementor-drop-cap-letter{width:1em;height:1em}.elementor-widget-text-editor .elementor-drop-cap{float:left;text-align:center;line-height:1;font-size:50px}.elementor-widget-text-editor .elementor-drop-cap-letter{display:inline-block}<\/style>\t\t\t\t<h3 style=\"text-align: center;\">POLITICA PER GLI ACQUISTI SOSTENIBILI<\/h3><p>\u00a0<\/p><p>\u00a0<\/p><p>1. PRINCIPI GENERALI<\/p><p>Per acquisti sostenibili si intende l\u2019integrazione dei principi di Responsabilit\u00e0 Sociale d\u2019Impresa (CSR) nelle decisioni e nei processi di approvvigionamento, garantendo al tempo stesso che soddisfino i requisiti richiesti dall\u2019Azienda e dai suoi stakeholder.<\/p><p>Gli acquisti sostenibili costituiscono l\u2019incorporazione dei principi ambientali, sociali e di governance (ESG) nei processi e nelle politiche di acquisti, garantendo che le attivit\u00e0 con i fornitori siano condotte in conformit\u00e0 con le strategie di responsabilit\u00e0 sociale d\u2019impresa.<\/p><p>Con il presente documento Pharma Puglia si impegna a ridurre il suo impatto sociale e ambientale in tutta la sua base di fornitori.<\/p><p>La nostra politica si ispira agli standard di sostenibilit\u00e0 riconosciuti a livello internazionale e alle norme di diritto internazionale di applicazione volontaria ricavabili: \u00fc dalla Dichiarazione universale dei diritti umani, che definisce i diritti umani fondamentali da tutelare universalmente; \u00fc dall\u2019Organizzazione internazionale del lavoro delle Nazioni Unite (ONU), che identifica i diritti fondamentali dei lavoratori;<\/p><p>\u2013 dalle norme e dalle linee guida internazionali volontarie ISO 14000 riguardanti i sistemi di gestione ambientale, il marchio di qualit\u00e0 ecologica, l\u2019audit ambientale, la valutazione delle prestazioni ambientali, gli aspetti dello sviluppo del prodotto e delle valutazioni del ciclo di vita; \u00fc dallo standard internazionale SA 8000, che incoraggia a impiegare buone pratiche di lavoro come la prevenzione del lavoro minorile e forzato, la promozione della sicurezza e della salute sul posto di lavoro, il permesso di libert\u00e0 di associazione e l\u2019adozione di politiche anti-discriminatorie;<\/p><p>\u2013 dal Global Compact delle Nazioni Unite, patto volontario per incoraggiare le aziende ad adottare politiche sostenibili e socialmente responsabili e a riferire sulla loro attuazione; \u00fc dagli obiettivi di sviluppo sostenibile delle Nazioni Unite, che definiscono target globali per aiutare a raggiungere un futuro migliore e pi\u00f9 sostenibile per tutti.<\/p><p>L\u2019Azienda si ispira alle linee guida della norma internazionale di applicazione volontaria ISO 20400:2017 in tema di approvvigionamento sostenibile, che integra la Responsabilit\u00e0 Sociale nelle politiche e nei processi di approvvigionamento di qualsiasi organizzazione.<\/p><p>La nostra politica per gli acquisti sostenibili fa riferimento ad obiettivi chiari che, attraverso un\u2019attenta comunicazione interna, permettono di indirizzare il processo decisionale e di gestire in maniera completa le azioni strategiche, per garantire che l\u2019Azienda sia pienamente conforme alla legislazione, riducendo le responsabilit\u00e0 ed i rischi legali.<\/p><p>Gli obiettivi di sostenibilit\u00e0 dell\u2019Azienda e la Politica per gli acquisti sostenibili sono strettamente connessi.<\/p><p>Pharma Puglia si \u00e8 data obiettivi chiari, possibili e misurabili da applicare alla catena dei fornitori in modo da contribuire alla riduzione dell\u2019impatto complessivo della propria attivit\u00e0 sulle tematiche etiche ed ambientali, per garantire che il proprio operato risponda a tutti i criteri di sostenibilit\u00e0.<\/p><p>Lo sviluppo della Politica sugli acquisti sostenibili \u00e8 vantaggioso in quanto contribuisce a creare nuove opportunit\u00e0 e nuove tendenze di mercato, offrendo trasparenza sugli impegni presi.<\/p><p>Il contenuto della presente politica deve essere assorbito nelle procedure e deve essere diffuso in tutti i processi di approvvigionamento, al fine di garantire che tutti i dipendenti coinvolti nella catena d\u2019approvvigionamento conoscano il suo contenuto dandovi applicazione.<\/p><p>\u00a0<\/p><p>2. AMBITO DI APPLICAZIONE<\/p><p>Pharma Puglia \u00e8 un\u2019azienda agricola operante nel settore florovivaistico della produzione, coltivazione e commercializzazione, in prevalenza, di piante ornamentali in vaso, sia da interni che da esterni, coltivate in serra presso due unit\u00e0 operative, la prima con una superficie coltivabile di 85 ettari circa in agro di Candela in provincia di Foggia, la seconda con una superficie coltivabile di 15 ettari circa in agro di Molfetta in provincia di Bari.<\/p><p>Il contenuto della presente politica, applicabile presso ogni Unit\u00e0 Locale di Pharma Puglia, viene diffuso a tutti i Destinatari, sia all\u2019interno che all\u2019esterno dell\u2019Organizzazione aziendale.<\/p><p>\u00a0<\/p><p>3. I NOSTRI OBIETTIVI<\/p><p>Pharma Puglia intende applicare i principi di sostenibilit\u00e0 ambientale ed in tema di etica aziendale e di rispetto dei diritti umani a tutta la catena dei suoi fornitori, con l\u2019obiettivo di promuovere maggiore consapevolezza del tema della sostenibilit\u00e0 tra i partner della catena di fornitura, incoraggiandoli ad adottare pratiche sostenibili.<\/p><p>La nostra Organizzazione intende giungere all\u2019applicazione di un sistema che consenta di effettuare acquisti di beni e di servizi solo dai fornitori che riflettono standard ambientali, etici e di tutela dei diritti umani ufficialmente riconosciuti, in modo da migliorare le pratiche interne di approvvigionamento.<\/p><p>La sostenibilit\u00e0 ambientale deve essere improntata a criteri ed azioni che contribuiscono, in generale, a:<\/p><p>\u2013 limitare l\u2019uso delle risorse naturali come energia, acqua, materiali e terra;<\/p><p>\u2013 limitare la produzione di rifiuti, con particolare attenzione ai rifiuti chimici e a quelli pericolosi in generale;<\/p><p>\u2013 limitare le emissioni delle infrastrutture dei fornitori, per esempio le emissioni di gas serra (GHG) dall\u2019immagazzinamento dei dati e dai servizi di trasporto all\u2019interno della catena di fornitura;<\/p><p>\u2013 limitare gli impatti sociali dei fornitori assicurandosi che essi adottino condizioni lavorative appropriate per i loro dipendenti e non impieghino lavoro minorile o forzato illegale.<\/p><p>Nell\u2019affrontare la tematica degli impatti ambientali di tutta la catena di fornitura, l\u2019Azienda ha inteso concentrarsi, specificamente, su quelle attivit\u00e0 in grado di:<\/p><p>\u2013 ridurre il consumo energetico e l\u2019inquinamento atmosferico dovuto all\u2019impatto delle emissioni di gas serra;<\/p><p>\u2013 ridurre l\u2019inquinamento dell\u2019acqua conseguente all\u2019impatto dei rifiuti e del consumo di acqua;<\/p><p>\u2013 assicurare la protezione della biodiversit\u00e0, per impatti su ecosistemi e uso della terra;<\/p><p>\u2013 garantire la protezione dei sistemi naturali che sono impattati dall\u2019inquinamento accidentale e dai materiali pericolosi attraverso l\u2019uso di prodotti chimici o materiali pericolosi;<\/p><p>\u2013 stimolare il riutilizzo sostenibile dei prodotti e incoraggiare il riciclaggio o lo smaltimento responsabile alla fine della loro vita;<\/p><p>\u2013 acquistare prodotti provenienti esclusivamente da fonti sostenibili;<\/p><p>\u2013 evitare l\u2019uso di prodotti potenzialmente nocivi per l\u2019ambiente quando sia disponibile un\u2019alternativa meno dannosa;<\/p><p>\u2013 usare prodotti che hanno un impatto minimo sull\u2019ambiente sia locale sia globale considerando, tra i fattori da prendere in considerazione, la sostenibilit\u00e0 della produzione, i trasporti, l\u2019energia utilizzata, il consumo di materie prime, la produzione di rifiuti o la percentuale di contenuto riciclato oppure un elevato fattore di riciclabilit\u00e0;<\/p><p>\u2013 ridurre l\u2019impatto delle consegne e favorire l\u2019approvvigionamento di materiali, prodotti e servizi provenienti dai mercati locali;<\/p><p>\u2013 ove possibile, consumare e acquistare di meno identificando e eliminando pratiche dispendiose nelle operazioni interne ed in quelle esterne su cui la nostra azienda possa avere un\u2019influenza.<\/p><p>Il raggiungimento degli obiettivi ambientali da parte della nostra catena di fornitura parte deve passare, innanzitutto, dalla diffusione e dalla comunicazione a tutti i fornitori della nostra Politica Ambientale e di tutte le nostre Politiche di Impegno dell\u2019Alta Direzione Aziendale.<\/p><p>La sottoscrizione della nostra Politica Ambientale da parte del 50% dei fornitori entro il 2025 e da parte del 100% dei fornitori entro il 2026 consentir\u00e0 il raggiungimento dell\u2019obiettivo di diffonderne e farne conoscere i principi, imponendo un preciso modello di tutela ambientale da seguire.<\/p><p>Parimenti, la sottoscrizione della nostra policy in tema di impegno alla riduzione delle emissioni di gas-serra da parte del 50% dei fornitori entro il 2025 e da parte del 100% dei fornitori entro il 2026 consentir\u00e0 di conseguire l\u2019obiettivo di divulgarne e renderne noti i principi fissando precisi target.<\/p><p>In funzione dei dati ottenuti, Pharma Puglia tender\u00e0 a prediligere maggiormente quei fornitori che danno applicazione alla legislazione ambientale, compresi gli obblighi internazionali in materia di cambiamenti climatici e di sviluppo sostenibile quali la riduzione delle emissioni di CO2 e la protezione della biodiversit\u00e0.<\/p><p>L\u2019Azienda ha inteso affrontare, inoltre, la tematica degli impatti negativi sui diritti umani della propria catena di fornitura ed il rispetto dei criteri etici di lavoro, ponendo particolare attenzione a quelle attivit\u00e0 che riguardano:<\/p><p>\u00b7 la gestione della salute e della sicurezza dei dipendenti;<\/p><p>\u00b7 il miglioramento delle condizioni lavorative;<\/p><p>\u00b7 la gestione delle carriere dei dipendenti;<\/p><p>\u00b7 l\u2019impulso alla diversit\u00e0 e all\u2019inclusione e l\u2019eliminazione della discriminazione e delle molestie;<\/p><p>\u00b7 la prevenzione delle pratiche lavorative illegali come il lavoro forzato o il lavoro minorile.<\/p><p>Al raggiungimento degli obiettivi etici e di rispetto dei diritti umani da parte della catena di fornitura deve contribuire la diffusione e la comunicazione del nostro Codice Etico.<\/p><p>La sottoscrizione delle policy sui temi etici e di rispetto dei diritti umani da parte del 50% dei fornitori entro il 2025 e da parte del 100% dei fornitori entro il 2026 consentir\u00e0 il raggiungimento dell\u2019obiettivo di diffonderne e farne conoscere i principi, imponendo un preciso modello da seguire.<\/p><p>Prima di procedere con la stipula di accordi commerciali, l\u2019Azienda si premurer\u00e0 di acquisire dai fornitori i documenti che ne accertino la sostenibilit\u00e0 come le certificazioni standard di parti terze, fissando l\u2019obiettivo di disporre di una base di fornitori certificata del 75% entro il 2026 e del 100% entro il 2028.<\/p><p>L\u2019acquisto di beni e l\u2019utilizzo di servizi dovr\u00e0 avvenire da quei fornitori che rispettano i principi internazionali volti a promuovere e proteggere i Diritti Umani riconosciuti dai principi del Global Compact delle Nazioni Unite, cos\u00ec come definiti dalla Dichiarazione Universale dei Diritti Umani, e dalla Dichiarazione dell\u2019Organizzazione Internazionale del Lavoro (ILO), relativa ai principi e ai diritti fondamentali nel lavoro.<\/p><p>In tal senso, Pharma Puglia si assume l\u2019impegno di poter disporre del 25% di fornitori iscritti al Global Compact delle Nazioni Unite entro il 2026, di aumentarne il numero sino al 50% entro il 2028 e di raggiungere l\u2019obiettivo del 100% dei fornitori iscritti al Global Compact delle Nazioni Unite entro il 2030.<\/p><p>L\u2019Azienda dar\u00e0 priorit\u00e0 ai Fornitori che hanno inserito pratiche etiche e sostenibili all\u2019interno della propria organizzazione ed anche all\u2019interno della propria catena di approvvigionamento come l\u2019adozione di buone condizioni lavorative, l\u2019applicazione di misure di prevenzione per la salute e la sicurezza dei lavoratori, l\u2019attuazione di misure antidiscriminatorie o contro le molestie, la riduzione del consumo energetico e delle emissioni di gas serra, la tutela della natura e della biodiversit\u00e0 in linea con l\u2019oggetto del contratto, con l\u2019obiettivo di definire le aspettative sulla sostenibilit\u00e0.<\/p><p>Pharma Puglia adotter\u00e0, inoltre, un codice di condotta in materia di sostenibilit\u00e0 specifico da applicare ai fornitori, in modo rendere note le aspettative dell\u2019azienda nei confronti dei fornitori i quali devono dare dimostrazione di essere socialmente ed ecologicamente responsabili.<\/p><p>\u00a0<\/p><p>4. ATTUAZIONE E MONITORAGGIO DELLA POLITICA<\/p><p>Per la concreta attuazione degli impegni presi \u00e8 indispensabile condividere il documento internamente con tutti i Destinatari della Politica e con gli stakeholder esterni.<\/p><p>La condivisione interna avviene mediante pubblicazione per affissione nell\u2019area Ufficio Acquisti.<\/p><p>Per consentirne la corretta interpretazione, sono previsti periodici corsi di formazione sul contenuto della politica sugli acquisti sostenibili con particolare attenzione alle questioni riguardanti il consumo di energia e la produzione di rifiuti.<\/p><p>Per favorire il rispetto e l\u2019applicazione della politica d\u2019impegno, l\u2019Azienda ha inteso concedere prevedere premi ed incentivi a vantaggio dei Dipendenti che dimostrino maggiore attenzione al processo di raggiungimento degli obiettivi di sostenibilit\u00e0.<\/p><p>Il processo di condivisione prevede la pubblicazione della Politica sulla home-page del nostro sito internet https:\/\/pharmapuglia-plants.it\/ in modo che sia conosciuta da tutti i Clienti, i Fornitori, le Organizzazioni non governative, gli organismi di certificazione indipendente, le comunit\u00e0 limitrofe alle unit\u00e0 operative e da tutti gli stakeholder esterni.<\/p><p>Il monitoraggio \u00e8 affidato agli stakeholder interni, che provvedono alla redazione e diffusione della politica, alla sua adozione e alla sua revisione periodica.<\/p><p>La nostra politica deve essere comunicata e condivisa regolarmente con tutti i Dipendenti dell\u2019Area Approvvigionamento e con tutti i Fornitori in modo che le azioni di tutti i soggetti coinvolti risultino in linea con le aspettative, gli obiettivi e le attivit\u00e0 aziendali, e deve essere oggetto di revisione e di riesame con periodicit\u00e0 annuale e\/o in occasione di significativi cambiamenti dell\u2019organizzazione aziendale.<\/p><p>La revisione regolare e la formalizzazione della politica sono possibili grazie al sistema gestionale adottato.<\/p><p>\u00a0<\/p><p>5. FINALITA\u2019 E DESTINATARI<\/p><p>Gli stakeholder interni sono quei dipendenti che comprano da e gestiscono il rapporto con i fornitori e, in quanto tali, essi devono essere responsabili della comunicazione della politica e delle aspettative di sostenibilit\u00e0 a tutti i fornitori.<\/p><p>Gli stakeholder interni sono quei dipendenti che hanno interesse alla elaborazione, applicazione e allo sviluppo della politica in quanto gestiscono le attivit\u00e0 riguardanti gli acquisti e gli approvvigionamenti.<\/p><p>L\u2019Azienda ha inteso sviluppare una politica di acquisto dei materiali che coinvolgesse l\u2019alta direzione, che identificasse ruoli precisi e responsabilit\u00e0 definite e che fosse inclusiva delle valutazioni dei terzi, di audit periodici e di processi di miglioramenti di tipo collaborativo.<\/p><p>La politica sugli acquisti sostenibili di Pharma Puglia coinvolge il consiglio di amministrazione, il team d\u2019acquisto e tutti i dipendenti coinvolti nei processi di approvvigionamento, e la sua concreta applicazione prevede il raggiungimento di obiettivi di crescita professionale ed il conseguimento di premi ed incentivi.<\/p><p>Il presente documento \u00e8 diretto, inoltre, anche a tutti i Clienti, ai fornitori e all\u2019intera comunicata locale che pu\u00f2 subire direttamente l\u2019impatto delle attivit\u00e0 aziendali, inclusi i proprietari di terreni confinanti, gli agricoltori che lavorano nei campi adiacenti e gli abitanti dei paesi pi\u00f9 prossimi al sito produttivo.<\/p><p>Al presente documento verr\u00e0 data ampia diffusione nell\u2019ambito della struttura di governance interna, e larga comunicazione all\u2019esterno, anche attraverso il proprio sito internet.<\/p><p>Pharma Puglia si impegna, altres\u00ec, ad adottare ogni ulteriore azione affinch\u00e9 possano essere puntualmente divulgati ed applicati i principi e le prescrizioni della presente politica.<\/p><p>\u00a0<\/p><p>6. BILANCIO DI SOSTENIBILITA\u2019<\/p><p>Per valutare la concreta applicazione della politica e del programma di miglioramento, \u00e8 necessario provvedere alla periodica rendicontazione dei risultati raggiunti in funzione degli obiettivi fissati.<\/p><p>L\u2019Azienda intende diffondere i dati pi\u00f9 rilevanti delle attivit\u00e0 compiute e di porli in relazione con gli standard delle alte aziende dello stesso settore, per comprendere l\u2019impatto dell\u2019impresa sui temi etici, sociali ed ambientali, in senso sia positivo che negativo, e per valutare gli sforzi di mitigazione posti in essere.<\/p>\t\t\t\t\t\t<\/div>\n\t\t\t\t<\/div>\n\t\t\t\t\t<\/div>\n\t\t\t\t<\/div>\n\t\t\t\t\t\t\t<\/div>\n\t\t","protected":false},"excerpt":{"rendered":"<p>POLITICA PER GLI ACQUISTI SOSTENIBILI \u00a0 \u00a0 1. PRINCIPI GENERALI Per acquisti sostenibili si intende l\u2019integrazione dei principi di Responsabilit\u00e0 Sociale d\u2019Impresa (CSR) nelle decisioni e nei processi di approvvigionamento, garantendo al tempo stesso che soddisfino i requisiti richiesti dall\u2019Azienda e dai suoi stakeholder. Gli acquisti sostenibili costituiscono l\u2019incorporazione dei principi ambientali, sociali e di [&hellip;]<\/p>\n","protected":false},"author":1,"featured_media":0,"parent":0,"menu_order":0,"comment_status":"closed","ping_status":"closed","template":"","meta":{"footnotes":""},"class_list":["post-31248","page","type-page","status-publish","hentry"],"_links":{"self":[{"href":"https:\/\/pharmapuglia-plants.it\/index.php?rest_route=\/wp\/v2\/pages\/31248","targetHints":{"allow":["GET"]}}],"collection":[{"href":"https:\/\/pharmapuglia-plants.it\/index.php?rest_route=\/wp\/v2\/pages"}],"about":[{"href":"https:\/\/pharmapuglia-plants.it\/index.php?rest_route=\/wp\/v2\/types\/page"}],"author":[{"embeddable":true,"href":"https:\/\/pharmapuglia-plants.it\/index.php?rest_route=\/wp\/v2\/users\/1"}],"replies":[{"embeddable":true,"href":"https:\/\/pharmapuglia-plants.it\/index.php?rest_route=%2Fwp%2Fv2%2Fcomments&post=31248"}],"version-history":[{"count":4,"href":"https:\/\/pharmapuglia-plants.it\/index.php?rest_route=\/wp\/v2\/pages\/31248\/revisions"}],"predecessor-version":[{"id":31264,"href":"https:\/\/pharmapuglia-plants.it\/index.php?rest_route=\/wp\/v2\/pages\/31248\/revisions\/31264"}],"wp:attachment":[{"href":"https:\/\/pharmapuglia-plants.it\/index.php?rest_route=%2Fwp%2Fv2%2Fmedia&parent=31248"}],"curies":[{"name":"wp","href":"https:\/\/api.w.org\/{rel}","templated":true}]}}